{"id":1105,"date":"2024-11-13T08:57:40","date_gmt":"2024-11-13T08:57:40","guid":{"rendered":"https:\/\/florum.az\/p\/alexandra-the-great\/"},"modified":"2024-11-17T21:22:17","modified_gmt":"2024-11-17T21:22:17","slug":"alexandra-the-great","status":"publish","type":"product","link":"https:\/\/florum.az\/az\/p\/alexandra-the-great\/","title":{"rendered":"Alexandra The Great"},"content":{"rendered":"","protected":false},"excerpt":{"rendered":"<p><strong>N\u00f6v:<\/strong> Gladiolus large-flowered<\/p>\n<p><strong>Qrup:<\/strong> B\u00f6y\u00fck\u00e7i\u00e7\u0259kli<\/p>\n<p><strong>\u00c7i\u00e7\u0259k r\u0259ngi:<\/strong> A\u011f<\/p>\n<p><strong>\u00c7i\u00e7\u0259kl\u0259m\u0259 m\u00f6vs\u00fcm\u00fc:<\/strong> Fevral \u2014 May<\/p>\n","protected":false},"featured_media":829,"template":"","meta":[],"product_cat":[40],"product_tag":[],"class_list":{"0":"post-1105","1":"product","2":"type-product","3":"status-publish","4":"has-post-thumbnail","6":"product_cat-gladioli-az","8":"first","9":"instock","10":"shipping-taxable","11":"product-type-simple"},"yoast_head":"<!-- This site is optimized with the Yoast SEO plugin v23.8 - https:\/\/yoast.com\/wordpress\/plugins\/seo\/ -->\n<title>Alexandra The Great - Florum \ud83c\udf37<\/title>\n<meta name=\"robots\" content=\"index, follow, max-snippet:-1, max-image-preview:large, max-video-preview:-1\" \/>\n<link rel=\"canonical\" href=\"https:\/\/florum.az\/az\/p\/alexandra-the-great\/\" \/>\n<meta property=\"og:locale\" content=\"az_AZ\" \/>\n<meta property=\"og:type\" content=\"article\" \/>\n<meta property=\"og:title\" content=\"Alexandra The Great - Florum \ud83c\udf37\" \/>\n<meta property=\"og:description\" content=\"N\u00f6v: Gladiolus large-flowered  Qrup: B\u00f6y\u00fck\u00e7i\u00e7\u0259kli  \u00c7i\u00e7\u0259k r\u0259ngi: A\u011f  \u00c7i\u00e7\u0259kl\u0259m\u0259 m\u00f6vs\u00fcm\u00fc: Fevral \u2014 May\" \/>\n<meta property=\"og:url\" content=\"https:\/\/florum.az\/az\/p\/alexandra-the-great\/\" \/>\n<meta property=\"og:site_name\" content=\"Florum \ud83c\udf37\" \/>\n<meta property=\"article:modified_time\" content=\"2024-11-17T21:22:17+00:00\" \/>\n<meta property=\"og:image\" content=\"https:\/\/florum.az\/wp-content\/uploads\/2024\/11\/alexandra-the-great.jpeg\" \/>\n\t<meta property=\"og:image:width\" content=\"920\" \/>\n\t<meta property=\"og:image:height\" content=\"1200\" \/>\n\t<meta property=\"og:image:type\" content=\"image\/jpeg\" \/>\n<meta name=\"twitter:card\" content=\"summary_large_image\" \/>\n<meta name=\"twitter:label1\" content=\"Est. reading time\" \/>\n\t<meta name=\"twitter:data1\" content=\"1 minute\" \/>\n<script type=\"application\/ld+json\" class=\"yoast-schema-graph\">{\"@context\":\"https:\/\/schema.org\",\"@graph\":[{\"@type\":\"WebPage\",\"@id\":\"https:\/\/florum.az\/az\/p\/alexandra-the-great\/\",\"url\":\"https:\/\/florum.az\/az\/p\/alexandra-the-great\/\",\"name\":\"Alexandra The Great - Florum \ud83c\udf37\",\"isPartOf\":{\"@id\":\"https:\/\/florum.az\/az\/#website\"},\"primaryImageOfPage\":{\"@id\":\"https:\/\/florum.az\/az\/p\/alexandra-the-great\/#primaryimage\"},\"image\":{\"@id\":\"https:\/\/florum.az\/az\/p\/alexandra-the-great\/#primaryimage\"},\"thumbnailUrl\":\"https:\/\/florum.az\/wp-content\/uploads\/2024\/11\/alexandra-the-great.jpeg\",\"datePublished\":\"2024-11-13T08:57:40+00:00\",\"dateModified\":\"2024-11-17T21:22:17+00:00\",\"breadcrumb\":{\"@id\":\"https:\/\/florum.az\/az\/p\/alexandra-the-great\/#breadcrumb\"},\"inLanguage\":\"az\",\"potentialAction\":[{\"@type\":\"ReadAction\",\"target\":[\"https:\/\/florum.az\/az\/p\/alexandra-the-great\/\"]}]},{\"@type\":\"ImageObject\",\"inLanguage\":\"az\",\"@id\":\"https:\/\/florum.az\/az\/p\/alexandra-the-great\/#primaryimage\",\"url\":\"https:\/\/florum.az\/wp-content\/uploads\/2024\/11\/alexandra-the-great.jpeg\",\"contentUrl\":\"https:\/\/florum.az\/wp-content\/uploads\/2024\/11\/alexandra-the-great.jpeg\",\"width\":920,\"height\":1200,\"caption\":\"alexandra the great\"},{\"@type\":\"BreadcrumbList\",\"@id\":\"https:\/\/florum.az\/az\/p\/alexandra-the-great\/#breadcrumb\",\"itemListElement\":[{\"@type\":\"ListItem\",\"position\":1,\"name\":\"\u0413\u041b\u0410\u0412\u041d\u0410\u042f\",\"item\":\"https:\/\/florum.az\/az\/\"},{\"@type\":\"ListItem\",\"position\":2,\"name\":\"Alexandra The Great\"}]},{\"@type\":\"WebSite\",\"@id\":\"https:\/\/florum.az\/az\/#website\",\"url\":\"https:\/\/florum.az\/az\/\",\"name\":\"Florum Azerbaojan\",\"description\":\"T\u0259bi\u0259tin g\u00f6z\u0259lliyi h\u0259r \u00e7i\u00e7\u0259kd\u0259\",\"publisher\":{\"@id\":\"https:\/\/florum.az\/az\/#organization\"},\"alternateName\":\"Florum\",\"potentialAction\":[{\"@type\":\"SearchAction\",\"target\":{\"@type\":\"EntryPoint\",\"urlTemplate\":\"https:\/\/florum.az\/az\/?s={search_term_string}\"},\"query-input\":{\"@type\":\"PropertyValueSpecification\",\"valueRequired\":true,\"valueName\":\"search_term_string\"}}],\"inLanguage\":\"az\"},{\"@type\":\"Organization\",\"@id\":\"https:\/\/florum.az\/az\/#organization\",\"name\":\"Florum\",\"url\":\"https:\/\/florum.az\/az\/\",\"logo\":{\"@type\":\"ImageObject\",\"inLanguage\":\"az\",\"@id\":\"https:\/\/florum.az\/az\/#\/schema\/logo\/image\/\",\"url\":\"https:\/\/florum.az\/wp-content\/uploads\/2024\/11\/florum-png.png\",\"contentUrl\":\"https:\/\/florum.az\/wp-content\/uploads\/2024\/11\/florum-png.png\",\"width\":332,\"height\":332,\"caption\":\"Florum\"},\"image\":{\"@id\":\"https:\/\/florum.az\/az\/#\/schema\/logo\/image\/\"},\"sameAs\":[\"https:\/\/www.instagram.com\/florum.az\/\"]}]}<\/script>\n<!-- \/ Yoast SEO plugin. -->","yoast_head_json":{"title":"Alexandra The Great - Florum \ud83c\udf37","robots":{"index":"index","follow":"follow","max-snippet":"max-snippet:-1","max-image-preview":"max-image-preview:large","max-video-preview":"max-video-preview:-1"},"canonical":"https:\/\/florum.az\/az\/p\/alexandra-the-great\/","og_locale":"az_AZ","og_type":"article","og_title":"Alexandra The Great - Florum \ud83c\udf37","og_description":"N\u00f6v: Gladiolus large-flowered  Qrup: B\u00f6y\u00fck\u00e7i\u00e7\u0259kli  \u00c7i\u00e7\u0259k r\u0259ngi: A\u011f  \u00c7i\u00e7\u0259kl\u0259m\u0259 m\u00f6vs\u00fcm\u00fc: Fevral \u2014 May","og_url":"https:\/\/florum.az\/az\/p\/alexandra-the-great\/","og_site_name":"Florum \ud83c\udf37","article_modified_time":"2024-11-17T21:22:17+00:00","og_image":[{"width":920,"height":1200,"url":"https:\/\/florum.az\/wp-content\/uploads\/2024\/11\/alexandra-the-great.jpeg","type":"image\/jpeg"}],"twitter_card":"summary_large_image","twitter_misc":{"Est. reading time":"1 minute"},"schema":{"@context":"https:\/\/schema.org","@graph":[{"@type":"WebPage","@id":"https:\/\/florum.az\/az\/p\/alexandra-the-great\/","url":"https:\/\/florum.az\/az\/p\/alexandra-the-great\/","name":"Alexandra The Great - Florum \ud83c\udf37","isPartOf":{"@id":"https:\/\/florum.az\/az\/#website"},"primaryImageOfPage":{"@id":"https:\/\/florum.az\/az\/p\/alexandra-the-great\/#primaryimage"},"image":{"@id":"https:\/\/florum.az\/az\/p\/alexandra-the-great\/#primaryimage"},"thumbnailUrl":"https:\/\/florum.az\/wp-content\/uploads\/2024\/11\/alexandra-the-great.jpeg","datePublished":"2024-11-13T08:57:40+00:00","dateModified":"2024-11-17T21:22:17+00:00","breadcrumb":{"@id":"https:\/\/florum.az\/az\/p\/alexandra-the-great\/#breadcrumb"},"inLanguage":"az","potentialAction":[{"@type":"ReadAction","target":["https:\/\/florum.az\/az\/p\/alexandra-the-great\/"]}]},{"@type":"ImageObject","inLanguage":"az","@id":"https:\/\/florum.az\/az\/p\/alexandra-the-great\/#primaryimage","url":"https:\/\/florum.az\/wp-content\/uploads\/2024\/11\/alexandra-the-great.jpeg","contentUrl":"https:\/\/florum.az\/wp-content\/uploads\/2024\/11\/alexandra-the-great.jpeg","width":920,"height":1200,"caption":"alexandra the great"},{"@type":"BreadcrumbList","@id":"https:\/\/florum.az\/az\/p\/alexandra-the-great\/#breadcrumb","itemListElement":[{"@type":"ListItem","position":1,"name":"\u0413\u041b\u0410\u0412\u041d\u0410\u042f","item":"https:\/\/florum.az\/az\/"},{"@type":"ListItem","position":2,"name":"Alexandra The Great"}]},{"@type":"WebSite","@id":"https:\/\/florum.az\/az\/#website","url":"https:\/\/florum.az\/az\/","name":"Florum Azerbaojan","description":"T\u0259bi\u0259tin g\u00f6z\u0259lliyi h\u0259r \u00e7i\u00e7\u0259kd\u0259","publisher":{"@id":"https:\/\/florum.az\/az\/#organization"},"alternateName":"Florum","potentialAction":[{"@type":"SearchAction","target":{"@type":"EntryPoint","urlTemplate":"https:\/\/florum.az\/az\/?s={search_term_string}"},"query-input":{"@type":"PropertyValueSpecification","valueRequired":true,"valueName":"search_term_string"}}],"inLanguage":"az"},{"@type":"Organization","@id":"https:\/\/florum.az\/az\/#organization","name":"Florum","url":"https:\/\/florum.az\/az\/","logo":{"@type":"ImageObject","inLanguage":"az","@id":"https:\/\/florum.az\/az\/#\/schema\/logo\/image\/","url":"https:\/\/florum.az\/wp-content\/uploads\/2024\/11\/florum-png.png","contentUrl":"https:\/\/florum.az\/wp-content\/uploads\/2024\/11\/florum-png.png","width":332,"height":332,"caption":"Florum"},"image":{"@id":"https:\/\/florum.az\/az\/#\/schema\/logo\/image\/"},"sameAs":["https:\/\/www.instagram.com\/florum.az\/"]}]}},"_links":{"self":[{"href":"https:\/\/florum.az\/az\/wp-json\/wp\/v2\/product\/1105"}],"collection":[{"href":"https:\/\/florum.az\/az\/wp-json\/wp\/v2\/product"}],"about":[{"href":"https:\/\/florum.az\/az\/wp-json\/wp\/v2\/types\/product"}],"wp:featuredmedia":[{"embeddable":true,"href":"https:\/\/florum.az\/az\/wp-json\/wp\/v2\/media\/829"}],"wp:attachment":[{"href":"https:\/\/florum.az\/az\/wp-json\/wp\/v2\/media?parent=1105"}],"wp:term":[{"taxonomy":"product_cat","embeddable":true,"href":"https:\/\/florum.az\/az\/wp-json\/wp\/v2\/product_cat?post=1105"},{"taxonomy":"product_tag","embeddable":true,"href":"https:\/\/florum.az\/az\/wp-json\/wp\/v2\/product_tag?post=1105"}],"curies":[{"name":"wp","href":"https:\/\/api.w.org\/{rel}","templated":true}]}}