{"id":1110,"date":"2024-11-13T08:47:00","date_gmt":"2024-11-13T08:47:00","guid":{"rendered":"https:\/\/florum.az\/p\/paul-m-wild\/"},"modified":"2024-11-17T21:26:51","modified_gmt":"2024-11-17T21:26:51","slug":"paul-m-wild","status":"publish","type":"product","link":"https:\/\/florum.az\/az\/p\/paul-m-wild\/","title":{"rendered":"Paul m Wild"},"content":{"rendered":"","protected":false},"excerpt":{"rendered":"<p><strong>Paeonia lactiflora Paul M. Wild<\/strong><\/p>\n<p><span lang=\"EN-US\">\u00c7i\u00e7\u0259kl\u0259m\u0259 d\u00f6vr\u00fc: May \u2014 \u0130yun<\/span><\/p>\n<p><span lang=\"EN-US\">R\u0259ng: Parlaq q\u0131rm\u0131z\u0131, \u00e7\u0259hray\u0131 \u00e7alarla<\/span><\/p>\n<p><span lang=\"EN-US\">\u00c7i\u00e7\u0259k n\u00f6v\u00fc: M\u0259h\u0259mm\u0259tli (\u00e7oxlu \u00e7i\u00e7\u0259kl\u0259r)<\/span><\/p>\n<p><span lang=\"EN-US\">\u0130z: Z\u0259if<\/span><\/p>\n","protected":false},"featured_media":789,"template":"","meta":[],"product_cat":[43],"product_tag":[],"class_list":{"0":"post-1110","1":"product","2":"type-product","3":"status-publish","4":"has-post-thumbnail","6":"product_cat-pionlar","8":"first","9":"instock","10":"shipping-taxable","11":"product-type-simple"},"yoast_head":"<!-- This site is optimized with the Yoast SEO plugin v23.8 - https:\/\/yoast.com\/wordpress\/plugins\/seo\/ -->\n<title>Paul m Wild - Florum \ud83c\udf37<\/title>\n<meta name=\"robots\" content=\"index, follow, max-snippet:-1, max-image-preview:large, max-video-preview:-1\" \/>\n<link rel=\"canonical\" href=\"https:\/\/florum.az\/az\/p\/paul-m-wild\/\" \/>\n<meta property=\"og:locale\" content=\"az_AZ\" \/>\n<meta property=\"og:type\" content=\"article\" \/>\n<meta property=\"og:title\" content=\"Paul m Wild - Florum \ud83c\udf37\" \/>\n<meta property=\"og:description\" content=\"Paeonia lactiflora Paul M. Wild  \u00c7i\u00e7\u0259kl\u0259m\u0259 d\u00f6vr\u00fc: May \u2014 \u0130yun  R\u0259ng: Parlaq q\u0131rm\u0131z\u0131, \u00e7\u0259hray\u0131 \u00e7alarla  \u00c7i\u00e7\u0259k n\u00f6v\u00fc: M\u0259h\u0259mm\u0259tli (\u00e7oxlu \u00e7i\u00e7\u0259kl\u0259r)  \u0130z: Z\u0259if\" \/>\n<meta property=\"og:url\" content=\"https:\/\/florum.az\/az\/p\/paul-m-wild\/\" \/>\n<meta property=\"og:site_name\" content=\"Florum \ud83c\udf37\" \/>\n<meta property=\"article:modified_time\" content=\"2024-11-17T21:26:51+00:00\" \/>\n<meta property=\"og:image\" content=\"https:\/\/florum.az\/wp-content\/uploads\/2024\/11\/photo_2024-11-13-12.46.42.jpeg\" \/>\n\t<meta property=\"og:image:width\" content=\"800\" \/>\n\t<meta property=\"og:image:height\" content=\"800\" \/>\n\t<meta property=\"og:image:type\" content=\"image\/jpeg\" \/>\n<meta name=\"twitter:card\" content=\"summary_large_image\" \/>\n<meta name=\"twitter:label1\" content=\"Est. reading time\" \/>\n\t<meta name=\"twitter:data1\" content=\"1 minute\" \/>\n<script type=\"application\/ld+json\" class=\"yoast-schema-graph\">{\"@context\":\"https:\/\/schema.org\",\"@graph\":[{\"@type\":\"WebPage\",\"@id\":\"https:\/\/florum.az\/az\/p\/paul-m-wild\/\",\"url\":\"https:\/\/florum.az\/az\/p\/paul-m-wild\/\",\"name\":\"Paul m Wild - Florum \ud83c\udf37\",\"isPartOf\":{\"@id\":\"https:\/\/florum.az\/az\/#website\"},\"primaryImageOfPage\":{\"@id\":\"https:\/\/florum.az\/az\/p\/paul-m-wild\/#primaryimage\"},\"image\":{\"@id\":\"https:\/\/florum.az\/az\/p\/paul-m-wild\/#primaryimage\"},\"thumbnailUrl\":\"https:\/\/florum.az\/wp-content\/uploads\/2024\/11\/photo_2024-11-13-12.46.42.jpeg\",\"datePublished\":\"2024-11-13T08:47:00+00:00\",\"dateModified\":\"2024-11-17T21:26:51+00:00\",\"breadcrumb\":{\"@id\":\"https:\/\/florum.az\/az\/p\/paul-m-wild\/#breadcrumb\"},\"inLanguage\":\"az\",\"potentialAction\":[{\"@type\":\"ReadAction\",\"target\":[\"https:\/\/florum.az\/az\/p\/paul-m-wild\/\"]}]},{\"@type\":\"ImageObject\",\"inLanguage\":\"az\",\"@id\":\"https:\/\/florum.az\/az\/p\/paul-m-wild\/#primaryimage\",\"url\":\"https:\/\/florum.az\/wp-content\/uploads\/2024\/11\/photo_2024-11-13-12.46.42.jpeg\",\"contentUrl\":\"https:\/\/florum.az\/wp-content\/uploads\/2024\/11\/photo_2024-11-13-12.46.42.jpeg\",\"width\":800,\"height\":800,\"caption\":\"Paul m Wild\"},{\"@type\":\"BreadcrumbList\",\"@id\":\"https:\/\/florum.az\/az\/p\/paul-m-wild\/#breadcrumb\",\"itemListElement\":[{\"@type\":\"ListItem\",\"position\":1,\"name\":\"\u0413\u041b\u0410\u0412\u041d\u0410\u042f\",\"item\":\"https:\/\/florum.az\/az\/\"},{\"@type\":\"ListItem\",\"position\":2,\"name\":\"Paul m Wild\"}]},{\"@type\":\"WebSite\",\"@id\":\"https:\/\/florum.az\/az\/#website\",\"url\":\"https:\/\/florum.az\/az\/\",\"name\":\"Florum Azerbaojan\",\"description\":\"T\u0259bi\u0259tin g\u00f6z\u0259lliyi h\u0259r \u00e7i\u00e7\u0259kd\u0259\",\"publisher\":{\"@id\":\"https:\/\/florum.az\/az\/#organization\"},\"alternateName\":\"Florum\",\"potentialAction\":[{\"@type\":\"SearchAction\",\"target\":{\"@type\":\"EntryPoint\",\"urlTemplate\":\"https:\/\/florum.az\/az\/?s={search_term_string}\"},\"query-input\":{\"@type\":\"PropertyValueSpecification\",\"valueRequired\":true,\"valueName\":\"search_term_string\"}}],\"inLanguage\":\"az\"},{\"@type\":\"Organization\",\"@id\":\"https:\/\/florum.az\/az\/#organization\",\"name\":\"Florum\",\"url\":\"https:\/\/florum.az\/az\/\",\"logo\":{\"@type\":\"ImageObject\",\"inLanguage\":\"az\",\"@id\":\"https:\/\/florum.az\/az\/#\/schema\/logo\/image\/\",\"url\":\"https:\/\/florum.az\/wp-content\/uploads\/2024\/11\/florum-png.png\",\"contentUrl\":\"https:\/\/florum.az\/wp-content\/uploads\/2024\/11\/florum-png.png\",\"width\":332,\"height\":332,\"caption\":\"Florum\"},\"image\":{\"@id\":\"https:\/\/florum.az\/az\/#\/schema\/logo\/image\/\"},\"sameAs\":[\"https:\/\/www.instagram.com\/florum.az\/\"]}]}<\/script>\n<!-- \/ Yoast SEO plugin. -->","yoast_head_json":{"title":"Paul m Wild - Florum \ud83c\udf37","robots":{"index":"index","follow":"follow","max-snippet":"max-snippet:-1","max-image-preview":"max-image-preview:large","max-video-preview":"max-video-preview:-1"},"canonical":"https:\/\/florum.az\/az\/p\/paul-m-wild\/","og_locale":"az_AZ","og_type":"article","og_title":"Paul m Wild - Florum \ud83c\udf37","og_description":"Paeonia lactiflora Paul M. Wild  \u00c7i\u00e7\u0259kl\u0259m\u0259 d\u00f6vr\u00fc: May \u2014 \u0130yun  R\u0259ng: Parlaq q\u0131rm\u0131z\u0131, \u00e7\u0259hray\u0131 \u00e7alarla  \u00c7i\u00e7\u0259k n\u00f6v\u00fc: M\u0259h\u0259mm\u0259tli (\u00e7oxlu \u00e7i\u00e7\u0259kl\u0259r)  \u0130z: Z\u0259if","og_url":"https:\/\/florum.az\/az\/p\/paul-m-wild\/","og_site_name":"Florum \ud83c\udf37","article_modified_time":"2024-11-17T21:26:51+00:00","og_image":[{"width":800,"height":800,"url":"https:\/\/florum.az\/wp-content\/uploads\/2024\/11\/photo_2024-11-13-12.46.42.jpeg","type":"image\/jpeg"}],"twitter_card":"summary_large_image","twitter_misc":{"Est. reading time":"1 minute"},"schema":{"@context":"https:\/\/schema.org","@graph":[{"@type":"WebPage","@id":"https:\/\/florum.az\/az\/p\/paul-m-wild\/","url":"https:\/\/florum.az\/az\/p\/paul-m-wild\/","name":"Paul m Wild - Florum \ud83c\udf37","isPartOf":{"@id":"https:\/\/florum.az\/az\/#website"},"primaryImageOfPage":{"@id":"https:\/\/florum.az\/az\/p\/paul-m-wild\/#primaryimage"},"image":{"@id":"https:\/\/florum.az\/az\/p\/paul-m-wild\/#primaryimage"},"thumbnailUrl":"https:\/\/florum.az\/wp-content\/uploads\/2024\/11\/photo_2024-11-13-12.46.42.jpeg","datePublished":"2024-11-13T08:47:00+00:00","dateModified":"2024-11-17T21:26:51+00:00","breadcrumb":{"@id":"https:\/\/florum.az\/az\/p\/paul-m-wild\/#breadcrumb"},"inLanguage":"az","potentialAction":[{"@type":"ReadAction","target":["https:\/\/florum.az\/az\/p\/paul-m-wild\/"]}]},{"@type":"ImageObject","inLanguage":"az","@id":"https:\/\/florum.az\/az\/p\/paul-m-wild\/#primaryimage","url":"https:\/\/florum.az\/wp-content\/uploads\/2024\/11\/photo_2024-11-13-12.46.42.jpeg","contentUrl":"https:\/\/florum.az\/wp-content\/uploads\/2024\/11\/photo_2024-11-13-12.46.42.jpeg","width":800,"height":800,"caption":"Paul m Wild"},{"@type":"BreadcrumbList","@id":"https:\/\/florum.az\/az\/p\/paul-m-wild\/#breadcrumb","itemListElement":[{"@type":"ListItem","position":1,"name":"\u0413\u041b\u0410\u0412\u041d\u0410\u042f","item":"https:\/\/florum.az\/az\/"},{"@type":"ListItem","position":2,"name":"Paul m Wild"}]},{"@type":"WebSite","@id":"https:\/\/florum.az\/az\/#website","url":"https:\/\/florum.az\/az\/","name":"Florum Azerbaojan","description":"T\u0259bi\u0259tin g\u00f6z\u0259lliyi h\u0259r \u00e7i\u00e7\u0259kd\u0259","publisher":{"@id":"https:\/\/florum.az\/az\/#organization"},"alternateName":"Florum","potentialAction":[{"@type":"SearchAction","target":{"@type":"EntryPoint","urlTemplate":"https:\/\/florum.az\/az\/?s={search_term_string}"},"query-input":{"@type":"PropertyValueSpecification","valueRequired":true,"valueName":"search_term_string"}}],"inLanguage":"az"},{"@type":"Organization","@id":"https:\/\/florum.az\/az\/#organization","name":"Florum","url":"https:\/\/florum.az\/az\/","logo":{"@type":"ImageObject","inLanguage":"az","@id":"https:\/\/florum.az\/az\/#\/schema\/logo\/image\/","url":"https:\/\/florum.az\/wp-content\/uploads\/2024\/11\/florum-png.png","contentUrl":"https:\/\/florum.az\/wp-content\/uploads\/2024\/11\/florum-png.png","width":332,"height":332,"caption":"Florum"},"image":{"@id":"https:\/\/florum.az\/az\/#\/schema\/logo\/image\/"},"sameAs":["https:\/\/www.instagram.com\/florum.az\/"]}]}},"_links":{"self":[{"href":"https:\/\/florum.az\/az\/wp-json\/wp\/v2\/product\/1110"}],"collection":[{"href":"https:\/\/florum.az\/az\/wp-json\/wp\/v2\/product"}],"about":[{"href":"https:\/\/florum.az\/az\/wp-json\/wp\/v2\/types\/product"}],"wp:featuredmedia":[{"embeddable":true,"href":"https:\/\/florum.az\/az\/wp-json\/wp\/v2\/media\/789"}],"wp:attachment":[{"href":"https:\/\/florum.az\/az\/wp-json\/wp\/v2\/media?parent=1110"}],"wp:term":[{"taxonomy":"product_cat","embeddable":true,"href":"https:\/\/florum.az\/az\/wp-json\/wp\/v2\/product_cat?post=1110"},{"taxonomy":"product_tag","embeddable":true,"href":"https:\/\/florum.az\/az\/wp-json\/wp\/v2\/product_tag?post=1110"}],"curies":[{"name":"wp","href":"https:\/\/api.w.org\/{rel}","templated":true}]}}