{"id":1111,"date":"2024-11-13T08:37:38","date_gmt":"2024-11-13T08:37:38","guid":{"rendered":"https:\/\/florum.az\/p\/mary-e-nicholls\/"},"modified":"2024-11-17T21:27:12","modified_gmt":"2024-11-17T21:27:12","slug":"mary-e-nicholls","status":"publish","type":"product","link":"https:\/\/florum.az\/az\/p\/mary-e-nicholls\/","title":{"rendered":"Mary E. Nicholls"},"content":{"rendered":"","protected":false},"excerpt":{"rendered":"<p><strong>Paeonia lactiflora Mary E. Nicholls<\/strong><\/p>\n<p>\u00c7i\u00e7\u0259kl\u0259m\u0259 d\u00f6vr\u00fc: May \u2014 \u0130yun<\/p>\n<p>R\u0259ng: Y\u00fcng\u00fcl \u00e7\u0259hray\u0131 budaq, tam a\u00e7\u0131ld\u0131qda xo\u015f bir s\u00fctl\u00fc-a\u011f r\u0259ng al\u0131r<\/p>\n<p>\u00c7i\u00e7\u0259k n\u00f6v\u00fc: M\u0259h\u0259mm\u0259tli (\u00e7oxlu \u00e7i\u00e7\u0259kl\u0259r)<\/p>\n<p>\u0130z: Y\u00fcng\u00fcl, inc\u0259<\/p>\n","protected":false},"featured_media":783,"template":"","meta":[],"product_cat":[43],"product_tag":[],"class_list":{"0":"post-1111","1":"product","2":"type-product","3":"status-publish","4":"has-post-thumbnail","6":"product_cat-pionlar","8":"first","9":"instock","10":"shipping-taxable","11":"product-type-simple"},"yoast_head":"<!-- This site is optimized with the Yoast SEO plugin v23.8 - https:\/\/yoast.com\/wordpress\/plugins\/seo\/ -->\n<title>Mary E. Nicholls - Florum \ud83c\udf37<\/title>\n<meta name=\"robots\" content=\"index, follow, max-snippet:-1, max-image-preview:large, max-video-preview:-1\" \/>\n<link rel=\"canonical\" href=\"https:\/\/florum.az\/az\/p\/mary-e-nicholls\/\" \/>\n<meta property=\"og:locale\" content=\"az_AZ\" \/>\n<meta property=\"og:type\" content=\"article\" \/>\n<meta property=\"og:title\" content=\"Mary E. Nicholls - Florum \ud83c\udf37\" \/>\n<meta property=\"og:description\" content=\"Paeonia lactiflora Mary E. Nicholls  \u00c7i\u00e7\u0259kl\u0259m\u0259 d\u00f6vr\u00fc: May \u2014 \u0130yun  R\u0259ng: Y\u00fcng\u00fcl \u00e7\u0259hray\u0131 budaq, tam a\u00e7\u0131ld\u0131qda xo\u015f bir s\u00fctl\u00fc-a\u011f r\u0259ng al\u0131r  \u00c7i\u00e7\u0259k n\u00f6v\u00fc: M\u0259h\u0259mm\u0259tli (\u00e7oxlu \u00e7i\u00e7\u0259kl\u0259r)  \u0130z: Y\u00fcng\u00fcl, inc\u0259\" \/>\n<meta property=\"og:url\" content=\"https:\/\/florum.az\/az\/p\/mary-e-nicholls\/\" \/>\n<meta property=\"og:site_name\" content=\"Florum \ud83c\udf37\" \/>\n<meta property=\"article:modified_time\" content=\"2024-11-17T21:27:12+00:00\" \/>\n<meta property=\"og:image\" content=\"https:\/\/florum.az\/wp-content\/uploads\/2024\/11\/Mary-E.-Nicholls.jpeg\" \/>\n\t<meta property=\"og:image:width\" content=\"600\" \/>\n\t<meta property=\"og:image:height\" content=\"600\" \/>\n\t<meta property=\"og:image:type\" content=\"image\/jpeg\" \/>\n<meta name=\"twitter:card\" content=\"summary_large_image\" \/>\n<meta name=\"twitter:label1\" content=\"Est. reading time\" \/>\n\t<meta name=\"twitter:data1\" content=\"1 minute\" \/>\n<script type=\"application\/ld+json\" class=\"yoast-schema-graph\">{\"@context\":\"https:\/\/schema.org\",\"@graph\":[{\"@type\":\"WebPage\",\"@id\":\"https:\/\/florum.az\/az\/p\/mary-e-nicholls\/\",\"url\":\"https:\/\/florum.az\/az\/p\/mary-e-nicholls\/\",\"name\":\"Mary E. Nicholls - Florum \ud83c\udf37\",\"isPartOf\":{\"@id\":\"https:\/\/florum.az\/az\/#website\"},\"primaryImageOfPage\":{\"@id\":\"https:\/\/florum.az\/az\/p\/mary-e-nicholls\/#primaryimage\"},\"image\":{\"@id\":\"https:\/\/florum.az\/az\/p\/mary-e-nicholls\/#primaryimage\"},\"thumbnailUrl\":\"https:\/\/florum.az\/wp-content\/uploads\/2024\/11\/Mary-E.-Nicholls.jpeg\",\"datePublished\":\"2024-11-13T08:37:38+00:00\",\"dateModified\":\"2024-11-17T21:27:12+00:00\",\"breadcrumb\":{\"@id\":\"https:\/\/florum.az\/az\/p\/mary-e-nicholls\/#breadcrumb\"},\"inLanguage\":\"az\",\"potentialAction\":[{\"@type\":\"ReadAction\",\"target\":[\"https:\/\/florum.az\/az\/p\/mary-e-nicholls\/\"]}]},{\"@type\":\"ImageObject\",\"inLanguage\":\"az\",\"@id\":\"https:\/\/florum.az\/az\/p\/mary-e-nicholls\/#primaryimage\",\"url\":\"https:\/\/florum.az\/wp-content\/uploads\/2024\/11\/Mary-E.-Nicholls.jpeg\",\"contentUrl\":\"https:\/\/florum.az\/wp-content\/uploads\/2024\/11\/Mary-E.-Nicholls.jpeg\",\"width\":600,\"height\":600,\"caption\":\"Mary E. Nicholls\"},{\"@type\":\"BreadcrumbList\",\"@id\":\"https:\/\/florum.az\/az\/p\/mary-e-nicholls\/#breadcrumb\",\"itemListElement\":[{\"@type\":\"ListItem\",\"position\":1,\"name\":\"\u0413\u041b\u0410\u0412\u041d\u0410\u042f\",\"item\":\"https:\/\/florum.az\/az\/\"},{\"@type\":\"ListItem\",\"position\":2,\"name\":\"Mary E. Nicholls\"}]},{\"@type\":\"WebSite\",\"@id\":\"https:\/\/florum.az\/az\/#website\",\"url\":\"https:\/\/florum.az\/az\/\",\"name\":\"Florum Azerbaojan\",\"description\":\"T\u0259bi\u0259tin g\u00f6z\u0259lliyi h\u0259r \u00e7i\u00e7\u0259kd\u0259\",\"publisher\":{\"@id\":\"https:\/\/florum.az\/az\/#organization\"},\"alternateName\":\"Florum\",\"potentialAction\":[{\"@type\":\"SearchAction\",\"target\":{\"@type\":\"EntryPoint\",\"urlTemplate\":\"https:\/\/florum.az\/az\/?s={search_term_string}\"},\"query-input\":{\"@type\":\"PropertyValueSpecification\",\"valueRequired\":true,\"valueName\":\"search_term_string\"}}],\"inLanguage\":\"az\"},{\"@type\":\"Organization\",\"@id\":\"https:\/\/florum.az\/az\/#organization\",\"name\":\"Florum\",\"url\":\"https:\/\/florum.az\/az\/\",\"logo\":{\"@type\":\"ImageObject\",\"inLanguage\":\"az\",\"@id\":\"https:\/\/florum.az\/az\/#\/schema\/logo\/image\/\",\"url\":\"https:\/\/florum.az\/wp-content\/uploads\/2024\/11\/florum-png.png\",\"contentUrl\":\"https:\/\/florum.az\/wp-content\/uploads\/2024\/11\/florum-png.png\",\"width\":332,\"height\":332,\"caption\":\"Florum\"},\"image\":{\"@id\":\"https:\/\/florum.az\/az\/#\/schema\/logo\/image\/\"},\"sameAs\":[\"https:\/\/www.instagram.com\/florum.az\/\"]}]}<\/script>\n<!-- \/ Yoast SEO plugin. -->","yoast_head_json":{"title":"Mary E. Nicholls - Florum \ud83c\udf37","robots":{"index":"index","follow":"follow","max-snippet":"max-snippet:-1","max-image-preview":"max-image-preview:large","max-video-preview":"max-video-preview:-1"},"canonical":"https:\/\/florum.az\/az\/p\/mary-e-nicholls\/","og_locale":"az_AZ","og_type":"article","og_title":"Mary E. Nicholls - Florum \ud83c\udf37","og_description":"Paeonia lactiflora Mary E. Nicholls  \u00c7i\u00e7\u0259kl\u0259m\u0259 d\u00f6vr\u00fc: May \u2014 \u0130yun  R\u0259ng: Y\u00fcng\u00fcl \u00e7\u0259hray\u0131 budaq, tam a\u00e7\u0131ld\u0131qda xo\u015f bir s\u00fctl\u00fc-a\u011f r\u0259ng al\u0131r  \u00c7i\u00e7\u0259k n\u00f6v\u00fc: M\u0259h\u0259mm\u0259tli (\u00e7oxlu \u00e7i\u00e7\u0259kl\u0259r)  \u0130z: Y\u00fcng\u00fcl, inc\u0259","og_url":"https:\/\/florum.az\/az\/p\/mary-e-nicholls\/","og_site_name":"Florum \ud83c\udf37","article_modified_time":"2024-11-17T21:27:12+00:00","og_image":[{"width":600,"height":600,"url":"https:\/\/florum.az\/wp-content\/uploads\/2024\/11\/Mary-E.-Nicholls.jpeg","type":"image\/jpeg"}],"twitter_card":"summary_large_image","twitter_misc":{"Est. reading time":"1 minute"},"schema":{"@context":"https:\/\/schema.org","@graph":[{"@type":"WebPage","@id":"https:\/\/florum.az\/az\/p\/mary-e-nicholls\/","url":"https:\/\/florum.az\/az\/p\/mary-e-nicholls\/","name":"Mary E. Nicholls - Florum \ud83c\udf37","isPartOf":{"@id":"https:\/\/florum.az\/az\/#website"},"primaryImageOfPage":{"@id":"https:\/\/florum.az\/az\/p\/mary-e-nicholls\/#primaryimage"},"image":{"@id":"https:\/\/florum.az\/az\/p\/mary-e-nicholls\/#primaryimage"},"thumbnailUrl":"https:\/\/florum.az\/wp-content\/uploads\/2024\/11\/Mary-E.-Nicholls.jpeg","datePublished":"2024-11-13T08:37:38+00:00","dateModified":"2024-11-17T21:27:12+00:00","breadcrumb":{"@id":"https:\/\/florum.az\/az\/p\/mary-e-nicholls\/#breadcrumb"},"inLanguage":"az","potentialAction":[{"@type":"ReadAction","target":["https:\/\/florum.az\/az\/p\/mary-e-nicholls\/"]}]},{"@type":"ImageObject","inLanguage":"az","@id":"https:\/\/florum.az\/az\/p\/mary-e-nicholls\/#primaryimage","url":"https:\/\/florum.az\/wp-content\/uploads\/2024\/11\/Mary-E.-Nicholls.jpeg","contentUrl":"https:\/\/florum.az\/wp-content\/uploads\/2024\/11\/Mary-E.-Nicholls.jpeg","width":600,"height":600,"caption":"Mary E. Nicholls"},{"@type":"BreadcrumbList","@id":"https:\/\/florum.az\/az\/p\/mary-e-nicholls\/#breadcrumb","itemListElement":[{"@type":"ListItem","position":1,"name":"\u0413\u041b\u0410\u0412\u041d\u0410\u042f","item":"https:\/\/florum.az\/az\/"},{"@type":"ListItem","position":2,"name":"Mary E. Nicholls"}]},{"@type":"WebSite","@id":"https:\/\/florum.az\/az\/#website","url":"https:\/\/florum.az\/az\/","name":"Florum Azerbaojan","description":"T\u0259bi\u0259tin g\u00f6z\u0259lliyi h\u0259r \u00e7i\u00e7\u0259kd\u0259","publisher":{"@id":"https:\/\/florum.az\/az\/#organization"},"alternateName":"Florum","potentialAction":[{"@type":"SearchAction","target":{"@type":"EntryPoint","urlTemplate":"https:\/\/florum.az\/az\/?s={search_term_string}"},"query-input":{"@type":"PropertyValueSpecification","valueRequired":true,"valueName":"search_term_string"}}],"inLanguage":"az"},{"@type":"Organization","@id":"https:\/\/florum.az\/az\/#organization","name":"Florum","url":"https:\/\/florum.az\/az\/","logo":{"@type":"ImageObject","inLanguage":"az","@id":"https:\/\/florum.az\/az\/#\/schema\/logo\/image\/","url":"https:\/\/florum.az\/wp-content\/uploads\/2024\/11\/florum-png.png","contentUrl":"https:\/\/florum.az\/wp-content\/uploads\/2024\/11\/florum-png.png","width":332,"height":332,"caption":"Florum"},"image":{"@id":"https:\/\/florum.az\/az\/#\/schema\/logo\/image\/"},"sameAs":["https:\/\/www.instagram.com\/florum.az\/"]}]}},"_links":{"self":[{"href":"https:\/\/florum.az\/az\/wp-json\/wp\/v2\/product\/1111"}],"collection":[{"href":"https:\/\/florum.az\/az\/wp-json\/wp\/v2\/product"}],"about":[{"href":"https:\/\/florum.az\/az\/wp-json\/wp\/v2\/types\/product"}],"wp:featuredmedia":[{"embeddable":true,"href":"https:\/\/florum.az\/az\/wp-json\/wp\/v2\/media\/783"}],"wp:attachment":[{"href":"https:\/\/florum.az\/az\/wp-json\/wp\/v2\/media?parent=1111"}],"wp:term":[{"taxonomy":"product_cat","embeddable":true,"href":"https:\/\/florum.az\/az\/wp-json\/wp\/v2\/product_cat?post=1111"},{"taxonomy":"product_tag","embeddable":true,"href":"https:\/\/florum.az\/az\/wp-json\/wp\/v2\/product_tag?post=1111"}],"curies":[{"name":"wp","href":"https:\/\/api.w.org\/{rel}","templated":true}]}}