{"id":1114,"date":"2024-11-06T08:34:15","date_gmt":"2024-11-06T08:34:15","guid":{"rendered":"https:\/\/florum.az\/p\/gardenia\/"},"modified":"2024-11-17T21:28:18","modified_gmt":"2024-11-17T21:28:18","slug":"gardenia","status":"publish","type":"product","link":"https:\/\/florum.az\/az\/p\/gardenia\/","title":{"rendered":"Gardenia"},"content":{"rendered":"","protected":false},"excerpt":{"rendered":"<p><strong>Paeonia Gardenia<\/strong><\/p>\n<p>\u00c7i\u00e7\u0259kl\u0259m\u0259 d\u00f6vr\u00fc: May \u2014 \u0130yun<\/p>\n<p>R\u0259ng: Krema-a\u011f, a\u00e7\u0131ld\u0131qca \u00e7\u0259hray\u0131ya d\u00f6n\u00fcr<\/p>\n<p>\u00c7i\u00e7\u0259k n\u00f6v\u00fc: M\u0259h\u0259mm\u0259tli, yar\u0131mk\u00fcr\u0259vi formal\u0131<\/p>\n<p>\u0130z: Y\u00fcng\u00fcl, inc\u0259<\/p>\n","protected":false},"featured_media":768,"template":"","meta":[],"product_cat":[43],"product_tag":[],"class_list":{"0":"post-1114","1":"product","2":"type-product","3":"status-publish","4":"has-post-thumbnail","6":"product_cat-pionlar","8":"first","9":"instock","10":"shipping-taxable","11":"product-type-simple"},"yoast_head":"<!-- This site is optimized with the Yoast SEO plugin v23.8 - https:\/\/yoast.com\/wordpress\/plugins\/seo\/ -->\n<title>Gardenia - Florum \ud83c\udf37<\/title>\n<meta name=\"robots\" content=\"index, follow, max-snippet:-1, max-image-preview:large, max-video-preview:-1\" \/>\n<link rel=\"canonical\" href=\"https:\/\/florum.az\/az\/p\/gardenia\/\" \/>\n<meta property=\"og:locale\" content=\"az_AZ\" \/>\n<meta property=\"og:type\" content=\"article\" \/>\n<meta property=\"og:title\" content=\"Gardenia - Florum \ud83c\udf37\" \/>\n<meta property=\"og:description\" content=\"Paeonia Gardenia  \u00c7i\u00e7\u0259kl\u0259m\u0259 d\u00f6vr\u00fc: May \u2014 \u0130yun  R\u0259ng: Krema-a\u011f, a\u00e7\u0131ld\u0131qca \u00e7\u0259hray\u0131ya d\u00f6n\u00fcr  \u00c7i\u00e7\u0259k n\u00f6v\u00fc: M\u0259h\u0259mm\u0259tli, yar\u0131mk\u00fcr\u0259vi formal\u0131  \u0130z: Y\u00fcng\u00fcl, inc\u0259\" \/>\n<meta property=\"og:url\" content=\"https:\/\/florum.az\/az\/p\/gardenia\/\" \/>\n<meta property=\"og:site_name\" content=\"Florum \ud83c\udf37\" \/>\n<meta property=\"article:modified_time\" content=\"2024-11-17T21:28:18+00:00\" \/>\n<meta property=\"og:image\" content=\"https:\/\/florum.az\/wp-content\/uploads\/2024\/11\/gardenia.jpg\" \/>\n\t<meta property=\"og:image:width\" content=\"970\" \/>\n\t<meta property=\"og:image:height\" content=\"970\" \/>\n\t<meta property=\"og:image:type\" content=\"image\/jpeg\" \/>\n<meta name=\"twitter:card\" content=\"summary_large_image\" \/>\n<meta name=\"twitter:label1\" content=\"Est. reading time\" \/>\n\t<meta name=\"twitter:data1\" content=\"1 minute\" \/>\n<script type=\"application\/ld+json\" class=\"yoast-schema-graph\">{\"@context\":\"https:\/\/schema.org\",\"@graph\":[{\"@type\":\"WebPage\",\"@id\":\"https:\/\/florum.az\/az\/p\/gardenia\/\",\"url\":\"https:\/\/florum.az\/az\/p\/gardenia\/\",\"name\":\"Gardenia - Florum \ud83c\udf37\",\"isPartOf\":{\"@id\":\"https:\/\/florum.az\/az\/#website\"},\"primaryImageOfPage\":{\"@id\":\"https:\/\/florum.az\/az\/p\/gardenia\/#primaryimage\"},\"image\":{\"@id\":\"https:\/\/florum.az\/az\/p\/gardenia\/#primaryimage\"},\"thumbnailUrl\":\"https:\/\/florum.az\/wp-content\/uploads\/2024\/11\/gardenia.jpg\",\"datePublished\":\"2024-11-06T08:34:15+00:00\",\"dateModified\":\"2024-11-17T21:28:18+00:00\",\"breadcrumb\":{\"@id\":\"https:\/\/florum.az\/az\/p\/gardenia\/#breadcrumb\"},\"inLanguage\":\"az\",\"potentialAction\":[{\"@type\":\"ReadAction\",\"target\":[\"https:\/\/florum.az\/az\/p\/gardenia\/\"]}]},{\"@type\":\"ImageObject\",\"inLanguage\":\"az\",\"@id\":\"https:\/\/florum.az\/az\/p\/gardenia\/#primaryimage\",\"url\":\"https:\/\/florum.az\/wp-content\/uploads\/2024\/11\/gardenia.jpg\",\"contentUrl\":\"https:\/\/florum.az\/wp-content\/uploads\/2024\/11\/gardenia.jpg\",\"width\":970,\"height\":970,\"caption\":\"gardenia\"},{\"@type\":\"BreadcrumbList\",\"@id\":\"https:\/\/florum.az\/az\/p\/gardenia\/#breadcrumb\",\"itemListElement\":[{\"@type\":\"ListItem\",\"position\":1,\"name\":\"\u0413\u041b\u0410\u0412\u041d\u0410\u042f\",\"item\":\"https:\/\/florum.az\/az\/\"},{\"@type\":\"ListItem\",\"position\":2,\"name\":\"Gardenia\"}]},{\"@type\":\"WebSite\",\"@id\":\"https:\/\/florum.az\/az\/#website\",\"url\":\"https:\/\/florum.az\/az\/\",\"name\":\"Florum Azerbaojan\",\"description\":\"T\u0259bi\u0259tin g\u00f6z\u0259lliyi h\u0259r \u00e7i\u00e7\u0259kd\u0259\",\"publisher\":{\"@id\":\"https:\/\/florum.az\/az\/#organization\"},\"alternateName\":\"Florum\",\"potentialAction\":[{\"@type\":\"SearchAction\",\"target\":{\"@type\":\"EntryPoint\",\"urlTemplate\":\"https:\/\/florum.az\/az\/?s={search_term_string}\"},\"query-input\":{\"@type\":\"PropertyValueSpecification\",\"valueRequired\":true,\"valueName\":\"search_term_string\"}}],\"inLanguage\":\"az\"},{\"@type\":\"Organization\",\"@id\":\"https:\/\/florum.az\/az\/#organization\",\"name\":\"Florum\",\"url\":\"https:\/\/florum.az\/az\/\",\"logo\":{\"@type\":\"ImageObject\",\"inLanguage\":\"az\",\"@id\":\"https:\/\/florum.az\/az\/#\/schema\/logo\/image\/\",\"url\":\"https:\/\/florum.az\/wp-content\/uploads\/2024\/11\/florum-png.png\",\"contentUrl\":\"https:\/\/florum.az\/wp-content\/uploads\/2024\/11\/florum-png.png\",\"width\":332,\"height\":332,\"caption\":\"Florum\"},\"image\":{\"@id\":\"https:\/\/florum.az\/az\/#\/schema\/logo\/image\/\"},\"sameAs\":[\"https:\/\/www.instagram.com\/florum.az\/\"]}]}<\/script>\n<!-- \/ Yoast SEO plugin. -->","yoast_head_json":{"title":"Gardenia - Florum \ud83c\udf37","robots":{"index":"index","follow":"follow","max-snippet":"max-snippet:-1","max-image-preview":"max-image-preview:large","max-video-preview":"max-video-preview:-1"},"canonical":"https:\/\/florum.az\/az\/p\/gardenia\/","og_locale":"az_AZ","og_type":"article","og_title":"Gardenia - Florum \ud83c\udf37","og_description":"Paeonia Gardenia  \u00c7i\u00e7\u0259kl\u0259m\u0259 d\u00f6vr\u00fc: May \u2014 \u0130yun  R\u0259ng: Krema-a\u011f, a\u00e7\u0131ld\u0131qca \u00e7\u0259hray\u0131ya d\u00f6n\u00fcr  \u00c7i\u00e7\u0259k n\u00f6v\u00fc: M\u0259h\u0259mm\u0259tli, yar\u0131mk\u00fcr\u0259vi formal\u0131  \u0130z: Y\u00fcng\u00fcl, inc\u0259","og_url":"https:\/\/florum.az\/az\/p\/gardenia\/","og_site_name":"Florum \ud83c\udf37","article_modified_time":"2024-11-17T21:28:18+00:00","og_image":[{"width":970,"height":970,"url":"https:\/\/florum.az\/wp-content\/uploads\/2024\/11\/gardenia.jpg","type":"image\/jpeg"}],"twitter_card":"summary_large_image","twitter_misc":{"Est. reading time":"1 minute"},"schema":{"@context":"https:\/\/schema.org","@graph":[{"@type":"WebPage","@id":"https:\/\/florum.az\/az\/p\/gardenia\/","url":"https:\/\/florum.az\/az\/p\/gardenia\/","name":"Gardenia - Florum \ud83c\udf37","isPartOf":{"@id":"https:\/\/florum.az\/az\/#website"},"primaryImageOfPage":{"@id":"https:\/\/florum.az\/az\/p\/gardenia\/#primaryimage"},"image":{"@id":"https:\/\/florum.az\/az\/p\/gardenia\/#primaryimage"},"thumbnailUrl":"https:\/\/florum.az\/wp-content\/uploads\/2024\/11\/gardenia.jpg","datePublished":"2024-11-06T08:34:15+00:00","dateModified":"2024-11-17T21:28:18+00:00","breadcrumb":{"@id":"https:\/\/florum.az\/az\/p\/gardenia\/#breadcrumb"},"inLanguage":"az","potentialAction":[{"@type":"ReadAction","target":["https:\/\/florum.az\/az\/p\/gardenia\/"]}]},{"@type":"ImageObject","inLanguage":"az","@id":"https:\/\/florum.az\/az\/p\/gardenia\/#primaryimage","url":"https:\/\/florum.az\/wp-content\/uploads\/2024\/11\/gardenia.jpg","contentUrl":"https:\/\/florum.az\/wp-content\/uploads\/2024\/11\/gardenia.jpg","width":970,"height":970,"caption":"gardenia"},{"@type":"BreadcrumbList","@id":"https:\/\/florum.az\/az\/p\/gardenia\/#breadcrumb","itemListElement":[{"@type":"ListItem","position":1,"name":"\u0413\u041b\u0410\u0412\u041d\u0410\u042f","item":"https:\/\/florum.az\/az\/"},{"@type":"ListItem","position":2,"name":"Gardenia"}]},{"@type":"WebSite","@id":"https:\/\/florum.az\/az\/#website","url":"https:\/\/florum.az\/az\/","name":"Florum Azerbaojan","description":"T\u0259bi\u0259tin g\u00f6z\u0259lliyi h\u0259r \u00e7i\u00e7\u0259kd\u0259","publisher":{"@id":"https:\/\/florum.az\/az\/#organization"},"alternateName":"Florum","potentialAction":[{"@type":"SearchAction","target":{"@type":"EntryPoint","urlTemplate":"https:\/\/florum.az\/az\/?s={search_term_string}"},"query-input":{"@type":"PropertyValueSpecification","valueRequired":true,"valueName":"search_term_string"}}],"inLanguage":"az"},{"@type":"Organization","@id":"https:\/\/florum.az\/az\/#organization","name":"Florum","url":"https:\/\/florum.az\/az\/","logo":{"@type":"ImageObject","inLanguage":"az","@id":"https:\/\/florum.az\/az\/#\/schema\/logo\/image\/","url":"https:\/\/florum.az\/wp-content\/uploads\/2024\/11\/florum-png.png","contentUrl":"https:\/\/florum.az\/wp-content\/uploads\/2024\/11\/florum-png.png","width":332,"height":332,"caption":"Florum"},"image":{"@id":"https:\/\/florum.az\/az\/#\/schema\/logo\/image\/"},"sameAs":["https:\/\/www.instagram.com\/florum.az\/"]}]}},"_links":{"self":[{"href":"https:\/\/florum.az\/az\/wp-json\/wp\/v2\/product\/1114"}],"collection":[{"href":"https:\/\/florum.az\/az\/wp-json\/wp\/v2\/product"}],"about":[{"href":"https:\/\/florum.az\/az\/wp-json\/wp\/v2\/types\/product"}],"wp:featuredmedia":[{"embeddable":true,"href":"https:\/\/florum.az\/az\/wp-json\/wp\/v2\/media\/768"}],"wp:attachment":[{"href":"https:\/\/florum.az\/az\/wp-json\/wp\/v2\/media?parent=1114"}],"wp:term":[{"taxonomy":"product_cat","embeddable":true,"href":"https:\/\/florum.az\/az\/wp-json\/wp\/v2\/product_cat?post=1114"},{"taxonomy":"product_tag","embeddable":true,"href":"https:\/\/florum.az\/az\/wp-json\/wp\/v2\/product_tag?post=1114"}],"curies":[{"name":"wp","href":"https:\/\/api.w.org\/{rel}","templated":true}]}}