{"id":1172,"date":"2024-11-06T08:06:52","date_gmt":"2024-11-06T08:06:52","guid":{"rendered":"https:\/\/florum.az\/p\/paradero\/"},"modified":"2024-11-18T20:31:37","modified_gmt":"2024-11-18T20:31:37","slug":"paradero","status":"publish","type":"product","link":"https:\/\/florum.az\/az\/p\/paradero\/","title":{"rendered":"Paradero"},"content":{"rendered":"","protected":false},"excerpt":{"rendered":"<p><strong>N\u00f6v:<\/strong> Triumf<\/p>\n<p><strong>R\u0259ng:<\/strong> B\u0259n\u00f6v\u015f\u0259yi<\/p>\n<p><strong>\u00d6l\u00e7\u00fc:<\/strong> Orta<\/p>\n","protected":false},"featured_media":641,"template":"","meta":[],"product_cat":[44],"product_tag":[],"class_list":{"0":"post-1172","1":"product","2":"type-product","3":"status-publish","4":"has-post-thumbnail","6":"product_cat-tulips-az-2","8":"first","9":"instock","10":"shipping-taxable","11":"product-type-simple"},"yoast_head":"<!-- This site is optimized with the Yoast SEO plugin v23.8 - https:\/\/yoast.com\/wordpress\/plugins\/seo\/ -->\n<title>Paradero - Florum \ud83c\udf37<\/title>\n<meta name=\"robots\" content=\"index, follow, max-snippet:-1, max-image-preview:large, max-video-preview:-1\" \/>\n<link rel=\"canonical\" href=\"https:\/\/florum.az\/az\/p\/paradero\/\" \/>\n<meta property=\"og:locale\" content=\"az_AZ\" \/>\n<meta property=\"og:type\" content=\"article\" \/>\n<meta property=\"og:title\" content=\"Paradero - Florum \ud83c\udf37\" \/>\n<meta property=\"og:description\" content=\"N\u00f6v: Triumf  R\u0259ng: B\u0259n\u00f6v\u015f\u0259yi  \u00d6l\u00e7\u00fc: Orta\" \/>\n<meta property=\"og:url\" content=\"https:\/\/florum.az\/az\/p\/paradero\/\" \/>\n<meta property=\"og:site_name\" content=\"Florum \ud83c\udf37\" \/>\n<meta property=\"article:modified_time\" content=\"2024-11-18T20:31:37+00:00\" \/>\n<meta property=\"og:image\" content=\"https:\/\/florum.az\/wp-content\/uploads\/2024\/11\/Paradero_R.jpg.jpg\" \/>\n\t<meta property=\"og:image:width\" content=\"512\" \/>\n\t<meta property=\"og:image:height\" content=\"768\" \/>\n\t<meta property=\"og:image:type\" content=\"image\/jpeg\" \/>\n<meta name=\"twitter:card\" content=\"summary_large_image\" \/>\n<meta name=\"twitter:label1\" content=\"Est. reading time\" \/>\n\t<meta name=\"twitter:data1\" content=\"1 minute\" \/>\n<script type=\"application\/ld+json\" class=\"yoast-schema-graph\">{\"@context\":\"https:\/\/schema.org\",\"@graph\":[{\"@type\":\"WebPage\",\"@id\":\"https:\/\/florum.az\/az\/p\/paradero\/\",\"url\":\"https:\/\/florum.az\/az\/p\/paradero\/\",\"name\":\"Paradero - Florum \ud83c\udf37\",\"isPartOf\":{\"@id\":\"https:\/\/florum.az\/az\/#website\"},\"primaryImageOfPage\":{\"@id\":\"https:\/\/florum.az\/az\/p\/paradero\/#primaryimage\"},\"image\":{\"@id\":\"https:\/\/florum.az\/az\/p\/paradero\/#primaryimage\"},\"thumbnailUrl\":\"https:\/\/florum.az\/wp-content\/uploads\/2024\/11\/Paradero_R.jpg.jpg\",\"datePublished\":\"2024-11-06T08:06:52+00:00\",\"dateModified\":\"2024-11-18T20:31:37+00:00\",\"breadcrumb\":{\"@id\":\"https:\/\/florum.az\/az\/p\/paradero\/#breadcrumb\"},\"inLanguage\":\"az\",\"potentialAction\":[{\"@type\":\"ReadAction\",\"target\":[\"https:\/\/florum.az\/az\/p\/paradero\/\"]}]},{\"@type\":\"ImageObject\",\"inLanguage\":\"az\",\"@id\":\"https:\/\/florum.az\/az\/p\/paradero\/#primaryimage\",\"url\":\"https:\/\/florum.az\/wp-content\/uploads\/2024\/11\/Paradero_R.jpg.jpg\",\"contentUrl\":\"https:\/\/florum.az\/wp-content\/uploads\/2024\/11\/Paradero_R.jpg.jpg\",\"width\":512,\"height\":768,\"caption\":\"Paradero\"},{\"@type\":\"BreadcrumbList\",\"@id\":\"https:\/\/florum.az\/az\/p\/paradero\/#breadcrumb\",\"itemListElement\":[{\"@type\":\"ListItem\",\"position\":1,\"name\":\"\u0413\u041b\u0410\u0412\u041d\u0410\u042f\",\"item\":\"https:\/\/florum.az\/az\/\"},{\"@type\":\"ListItem\",\"position\":2,\"name\":\"Paradero\"}]},{\"@type\":\"WebSite\",\"@id\":\"https:\/\/florum.az\/az\/#website\",\"url\":\"https:\/\/florum.az\/az\/\",\"name\":\"Florum Azerbaojan\",\"description\":\"T\u0259bi\u0259tin g\u00f6z\u0259lliyi h\u0259r \u00e7i\u00e7\u0259kd\u0259\",\"publisher\":{\"@id\":\"https:\/\/florum.az\/az\/#organization\"},\"alternateName\":\"Florum\",\"potentialAction\":[{\"@type\":\"SearchAction\",\"target\":{\"@type\":\"EntryPoint\",\"urlTemplate\":\"https:\/\/florum.az\/az\/?s={search_term_string}\"},\"query-input\":{\"@type\":\"PropertyValueSpecification\",\"valueRequired\":true,\"valueName\":\"search_term_string\"}}],\"inLanguage\":\"az\"},{\"@type\":\"Organization\",\"@id\":\"https:\/\/florum.az\/az\/#organization\",\"name\":\"Florum\",\"url\":\"https:\/\/florum.az\/az\/\",\"logo\":{\"@type\":\"ImageObject\",\"inLanguage\":\"az\",\"@id\":\"https:\/\/florum.az\/az\/#\/schema\/logo\/image\/\",\"url\":\"https:\/\/florum.az\/wp-content\/uploads\/2024\/11\/florum-png.png\",\"contentUrl\":\"https:\/\/florum.az\/wp-content\/uploads\/2024\/11\/florum-png.png\",\"width\":332,\"height\":332,\"caption\":\"Florum\"},\"image\":{\"@id\":\"https:\/\/florum.az\/az\/#\/schema\/logo\/image\/\"},\"sameAs\":[\"https:\/\/www.instagram.com\/florum.az\/\"]}]}<\/script>\n<!-- \/ Yoast SEO plugin. -->","yoast_head_json":{"title":"Paradero - Florum \ud83c\udf37","robots":{"index":"index","follow":"follow","max-snippet":"max-snippet:-1","max-image-preview":"max-image-preview:large","max-video-preview":"max-video-preview:-1"},"canonical":"https:\/\/florum.az\/az\/p\/paradero\/","og_locale":"az_AZ","og_type":"article","og_title":"Paradero - Florum \ud83c\udf37","og_description":"N\u00f6v: Triumf  R\u0259ng: B\u0259n\u00f6v\u015f\u0259yi  \u00d6l\u00e7\u00fc: Orta","og_url":"https:\/\/florum.az\/az\/p\/paradero\/","og_site_name":"Florum \ud83c\udf37","article_modified_time":"2024-11-18T20:31:37+00:00","og_image":[{"width":512,"height":768,"url":"https:\/\/florum.az\/wp-content\/uploads\/2024\/11\/Paradero_R.jpg.jpg","type":"image\/jpeg"}],"twitter_card":"summary_large_image","twitter_misc":{"Est. reading time":"1 minute"},"schema":{"@context":"https:\/\/schema.org","@graph":[{"@type":"WebPage","@id":"https:\/\/florum.az\/az\/p\/paradero\/","url":"https:\/\/florum.az\/az\/p\/paradero\/","name":"Paradero - Florum \ud83c\udf37","isPartOf":{"@id":"https:\/\/florum.az\/az\/#website"},"primaryImageOfPage":{"@id":"https:\/\/florum.az\/az\/p\/paradero\/#primaryimage"},"image":{"@id":"https:\/\/florum.az\/az\/p\/paradero\/#primaryimage"},"thumbnailUrl":"https:\/\/florum.az\/wp-content\/uploads\/2024\/11\/Paradero_R.jpg.jpg","datePublished":"2024-11-06T08:06:52+00:00","dateModified":"2024-11-18T20:31:37+00:00","breadcrumb":{"@id":"https:\/\/florum.az\/az\/p\/paradero\/#breadcrumb"},"inLanguage":"az","potentialAction":[{"@type":"ReadAction","target":["https:\/\/florum.az\/az\/p\/paradero\/"]}]},{"@type":"ImageObject","inLanguage":"az","@id":"https:\/\/florum.az\/az\/p\/paradero\/#primaryimage","url":"https:\/\/florum.az\/wp-content\/uploads\/2024\/11\/Paradero_R.jpg.jpg","contentUrl":"https:\/\/florum.az\/wp-content\/uploads\/2024\/11\/Paradero_R.jpg.jpg","width":512,"height":768,"caption":"Paradero"},{"@type":"BreadcrumbList","@id":"https:\/\/florum.az\/az\/p\/paradero\/#breadcrumb","itemListElement":[{"@type":"ListItem","position":1,"name":"\u0413\u041b\u0410\u0412\u041d\u0410\u042f","item":"https:\/\/florum.az\/az\/"},{"@type":"ListItem","position":2,"name":"Paradero"}]},{"@type":"WebSite","@id":"https:\/\/florum.az\/az\/#website","url":"https:\/\/florum.az\/az\/","name":"Florum Azerbaojan","description":"T\u0259bi\u0259tin g\u00f6z\u0259lliyi h\u0259r \u00e7i\u00e7\u0259kd\u0259","publisher":{"@id":"https:\/\/florum.az\/az\/#organization"},"alternateName":"Florum","potentialAction":[{"@type":"SearchAction","target":{"@type":"EntryPoint","urlTemplate":"https:\/\/florum.az\/az\/?s={search_term_string}"},"query-input":{"@type":"PropertyValueSpecification","valueRequired":true,"valueName":"search_term_string"}}],"inLanguage":"az"},{"@type":"Organization","@id":"https:\/\/florum.az\/az\/#organization","name":"Florum","url":"https:\/\/florum.az\/az\/","logo":{"@type":"ImageObject","inLanguage":"az","@id":"https:\/\/florum.az\/az\/#\/schema\/logo\/image\/","url":"https:\/\/florum.az\/wp-content\/uploads\/2024\/11\/florum-png.png","contentUrl":"https:\/\/florum.az\/wp-content\/uploads\/2024\/11\/florum-png.png","width":332,"height":332,"caption":"Florum"},"image":{"@id":"https:\/\/florum.az\/az\/#\/schema\/logo\/image\/"},"sameAs":["https:\/\/www.instagram.com\/florum.az\/"]}]}},"_links":{"self":[{"href":"https:\/\/florum.az\/az\/wp-json\/wp\/v2\/product\/1172"}],"collection":[{"href":"https:\/\/florum.az\/az\/wp-json\/wp\/v2\/product"}],"about":[{"href":"https:\/\/florum.az\/az\/wp-json\/wp\/v2\/types\/product"}],"wp:featuredmedia":[{"embeddable":true,"href":"https:\/\/florum.az\/az\/wp-json\/wp\/v2\/media\/641"}],"wp:attachment":[{"href":"https:\/\/florum.az\/az\/wp-json\/wp\/v2\/media?parent=1172"}],"wp:term":[{"taxonomy":"product_cat","embeddable":true,"href":"https:\/\/florum.az\/az\/wp-json\/wp\/v2\/product_cat?post=1172"},{"taxonomy":"product_tag","embeddable":true,"href":"https:\/\/florum.az\/az\/wp-json\/wp\/v2\/product_tag?post=1172"}],"curies":[{"name":"wp","href":"https:\/\/api.w.org\/{rel}","templated":true}]}}